{"id":23501,"date":"2022-07-27T15:58:31","date_gmt":"2022-07-27T13:58:31","guid":{"rendered":"https:\/\/kasbahkissane.com\/news\/"},"modified":"2023-09-24T11:57:53","modified_gmt":"2023-09-24T09:57:53","slug":"news","status":"publish","type":"page","link":"https:\/\/kasbahkissane.com\/en\/news\/","title":{"rendered":"News"},"content":{"rendered":"\t\t<div data-elementor-type=\"wp-page\" data-elementor-id=\"23501\" class=\"elementor elementor-23501 elementor-6117\" data-elementor-post-type=\"page\">\n\t\t\t\t\t\t<section class=\"elementor-section elementor-top-section elementor-element elementor-element-6c2223c elementor-section-boxed elementor-section-height-default elementor-section-height-default elementor-invisible\" data-id=\"6c2223c\" data-element_type=\"section\" data-settings=\"{&quot;animation&quot;:&quot;fadeIn&quot;}\">\n\t\t\t\t\t\t<div class=\"elementor-container elementor-column-gap-default\">\n\t\t\t\t\t<div class=\"elementor-column elementor-col-100 elementor-top-column elementor-element elementor-element-8ee7a96\" data-id=\"8ee7a96\" data-element_type=\"column\">\n\t\t\t<div class=\"elementor-widget-wrap elementor-element-populated\">\n\t\t\t\t\t\t<section class=\"elementor-section elementor-inner-section elementor-element elementor-element-f71fb2c elementor-section-boxed elementor-section-height-default elementor-section-height-default\" data-id=\"f71fb2c\" data-element_type=\"section\">\n\t\t\t\t\t\t<div class=\"elementor-container elementor-column-gap-default\">\n\t\t\t\t\t<div class=\"elementor-column elementor-col-50 elementor-inner-column elementor-element elementor-element-bbaa1f0\" data-id=\"bbaa1f0\" data-element_type=\"column\">\n\t\t\t<div class=\"elementor-widget-wrap elementor-element-populated\">\n\t\t\t\t\t\t<div class=\"elementor-element elementor-element-5eb0ddb elementor-invisible elementor-widget elementor-widget-heading\" data-id=\"5eb0ddb\" data-element_type=\"widget\" data-settings=\"{&quot;_animation&quot;:&quot;fadeIn&quot;,&quot;_animation_delay&quot;:50}\" data-widget_type=\"heading.default\">\n\t\t\t\t<div class=\"elementor-widget-container\">\n\t\t\t\t\t<h1 class=\"elementor-heading-title elementor-size-default\">Latests news<\/h1>\t\t\t\t<\/div>\n\t\t\t\t<\/div>\n\t\t\t\t<div class=\"elementor-element elementor-element-266aced elementor-widget-divider--view-line elementor-widget elementor-widget-divider\" data-id=\"266aced\" data-element_type=\"widget\" data-widget_type=\"divider.default\">\n\t\t\t\t<div class=\"elementor-widget-container\">\n\t\t\t\t\t\t\t<div class=\"elementor-divider\">\n\t\t\t<span class=\"elementor-divider-separator\">\n\t\t\t\t\t\t<\/span>\n\t\t<\/div>\n\t\t\t\t\t\t<\/div>\n\t\t\t\t<\/div>\n\t\t\t\t<div class=\"elementor-element elementor-element-ed02f34 elementor-widget elementor-widget-text-editor\" data-id=\"ed02f34\" data-element_type=\"widget\" data-widget_type=\"text-editor.default\">\n\t\t\t\t<div class=\"elementor-widget-container\">\n\t\t\t\t\t\t\t\t\t<p>The Kasbah is back to being open since last year. What a joy for us to feel it buzzing and living with emotion and joy.<br \/>The Kasbah dozes in the summer while being closed until mid-September.<br \/>While it just reopened, the current events are sad in our country because of this appalling earthquake&#8230;<\/p>\n<p>How does the Kasbah help?<br \/>The answer is right below &#8230;<\/p>\n\t\t\t\t\t\t\t\t<\/div>\n\t\t\t\t<\/div>\n\t\t\t\t\t<\/div>\n\t\t<\/div>\n\t\t\t\t<div class=\"elementor-column elementor-col-50 elementor-inner-column elementor-element elementor-element-930316e\" data-id=\"930316e\" data-element_type=\"column\">\n\t\t\t<div class=\"elementor-widget-wrap elementor-element-populated\">\n\t\t\t\t\t\t<div class=\"elementor-element elementor-element-69ffb8b elementor-invisible elementor-widget elementor-widget-image\" data-id=\"69ffb8b\" data-element_type=\"widget\" data-settings=\"{&quot;_animation&quot;:&quot;fadeIn&quot;,&quot;_animation_delay&quot;:50}\" data-widget_type=\"image.default\">\n\t\t\t\t<div class=\"elementor-widget-container\">\n\t\t\t\t\t\t\t\t\t\t\t\t\t\t\t<img fetchpriority=\"high\" decoding=\"async\" width=\"865\" height=\"1536\" src=\"https:\/\/kasbahkissane.com\/wp-content\/uploads\/2023\/09\/20210725_171141-865x1536.jpg\" class=\"attachment-1536x1536 size-1536x1536 wp-image-23278\" alt=\"\" srcset=\"https:\/\/kasbahkissane.com\/wp-content\/uploads\/2023\/09\/20210725_171141-865x1536.jpg 865w, https:\/\/kasbahkissane.com\/wp-content\/uploads\/2023\/09\/20210725_171141-scaled-600x1066.jpg 600w, https:\/\/kasbahkissane.com\/wp-content\/uploads\/2023\/09\/20210725_171141-169x300.jpg 169w, https:\/\/kasbahkissane.com\/wp-content\/uploads\/2023\/09\/20210725_171141-577x1024.jpg 577w, https:\/\/kasbahkissane.com\/wp-content\/uploads\/2023\/09\/20210725_171141-768x1364.jpg 768w, https:\/\/kasbahkissane.com\/wp-content\/uploads\/2023\/09\/20210725_171141-1153x2048.jpg 1153w, https:\/\/kasbahkissane.com\/wp-content\/uploads\/2023\/09\/20210725_171141-scaled.jpg 1441w\" sizes=\"(max-width: 865px) 100vw, 865px\" \/>\t\t\t\t\t\t\t\t\t\t\t\t\t\t\t<\/div>\n\t\t\t\t<\/div>\n\t\t\t\t\t<\/div>\n\t\t<\/div>\n\t\t\t\t\t<\/div>\n\t\t<\/section>\n\t\t\t\t\t<\/div>\n\t\t<\/div>\n\t\t\t\t\t<\/div>\n\t\t<\/section>\n\t\t\t\t<section class=\"elementor-section elementor-top-section elementor-element elementor-element-495b765 elementor-section-boxed elementor-section-height-default elementor-section-height-default\" data-id=\"495b765\" data-element_type=\"section\">\n\t\t\t\t\t\t<div class=\"elementor-container elementor-column-gap-default\">\n\t\t\t\t\t<div class=\"elementor-column elementor-col-100 elementor-top-column elementor-element elementor-element-ee9bff5\" data-id=\"ee9bff5\" data-element_type=\"column\">\n\t\t\t<div class=\"elementor-widget-wrap elementor-element-populated\">\n\t\t\t\t\t\t<section class=\"elementor-section elementor-inner-section elementor-element elementor-element-d736424 elementor-section-boxed elementor-section-height-default elementor-section-height-default\" data-id=\"d736424\" data-element_type=\"section\">\n\t\t\t\t\t\t<div class=\"elementor-container elementor-column-gap-default\">\n\t\t\t\t\t<div class=\"elementor-column elementor-col-33 elementor-inner-column elementor-element elementor-element-69224ac\" data-id=\"69224ac\" data-element_type=\"column\">\n\t\t\t<div class=\"elementor-widget-wrap elementor-element-populated\">\n\t\t\t\t\t\t<div class=\"elementor-element elementor-element-7e204aa elementor-widget elementor-widget-image\" data-id=\"7e204aa\" data-element_type=\"widget\" data-widget_type=\"image.default\">\n\t\t\t\t<div class=\"elementor-widget-container\">\n\t\t\t\t\t\t\t\t\t\t\t\t\t\t\t<img decoding=\"async\" width=\"768\" height=\"576\" src=\"https:\/\/kasbahkissane.com\/wp-content\/uploads\/2023\/09\/FB_IMG_1694361294056-768x576.jpg\" class=\"attachment-medium_large size-medium_large wp-image-23232\" alt=\"\" srcset=\"https:\/\/kasbahkissane.com\/wp-content\/uploads\/2023\/09\/FB_IMG_1694361294056-768x576.jpg 768w, https:\/\/kasbahkissane.com\/wp-content\/uploads\/2023\/09\/FB_IMG_1694361294056-600x450.jpg 600w, https:\/\/kasbahkissane.com\/wp-content\/uploads\/2023\/09\/FB_IMG_1694361294056-300x225.jpg 300w, https:\/\/kasbahkissane.com\/wp-content\/uploads\/2023\/09\/FB_IMG_1694361294056-1024x768.jpg 1024w, https:\/\/kasbahkissane.com\/wp-content\/uploads\/2023\/09\/FB_IMG_1694361294056.jpg 1080w\" sizes=\"(max-width: 768px) 100vw, 768px\" \/>\t\t\t\t\t\t\t\t\t\t\t\t\t\t\t<\/div>\n\t\t\t\t<\/div>\n\t\t\t\t\t<\/div>\n\t\t<\/div>\n\t\t\t\t<div class=\"elementor-column elementor-col-33 elementor-inner-column elementor-element elementor-element-1a3a245\" data-id=\"1a3a245\" data-element_type=\"column\">\n\t\t\t<div class=\"elementor-widget-wrap elementor-element-populated\">\n\t\t\t\t\t\t<div class=\"elementor-element elementor-element-179e0cb elementor-widget elementor-widget-heading\" data-id=\"179e0cb\" data-element_type=\"widget\" data-widget_type=\"heading.default\">\n\t\t\t\t<div class=\"elementor-widget-container\">\n\t\t\t\t\t<h2 class=\"elementor-heading-title elementor-size-default\">WHY ARE WE MAKING A FUND?<\/h2>\t\t\t\t<\/div>\n\t\t\t\t<\/div>\n\t\t\t\t<div class=\"elementor-element elementor-element-ffcb33a elementor-widget elementor-widget-text-editor\" data-id=\"ffcb33a\" data-element_type=\"widget\" data-widget_type=\"text-editor.default\">\n\t\t\t\t<div class=\"elementor-widget-container\">\n\t\t\t\t\t\t\t\t\t<p><strong>An earthquake hit Morocco on September 8 and created a human disaster.<\/strong><\/p>\n<p>Our region around <strong>Agdz<\/strong> and between <strong>Ouarzazate and Zagora<\/strong> has also been hit. No casualties were reported but the property damage and the fear of a aftershock remain&#8230;<\/p>\n<p><strong>Our Kasbah<\/strong> has been renovated and expanded. It was made only with rammed earth but is entirely safe thanks to its strong foundations made out of stones and reinforced concrete. It is located in the earth of an very old Medina, where we know a lot of modest family live in earth-made houses.<\/p>\n<p><strong>In solidarity<\/strong> with them, we are committed to support our neighbors who will need a lot of help to secure, prepare or even re-build their home. <strong>They are our neighbors; they are men, women and children we see everyday&#8230; We are not talking about giving away clothes or shoes, but rather having a roof and feeling safe under it.<\/strong><\/p>\n\t\t\t\t\t\t\t\t<\/div>\n\t\t\t\t<\/div>\n\t\t\t\t<div class=\"elementor-element elementor-element-d797c08 elementor-widget elementor-widget-html\" data-id=\"d797c08\" data-element_type=\"widget\" data-widget_type=\"html.default\">\n\t\t\t\t<div class=\"elementor-widget-container\">\n\t\t\t\t\t<script>jQuery(document).ready(function($) {\nvar delay = 100; setTimeout(function() {\n$('.elementor-tab-title').removeClass('elementor-active');\n $('.elementor-tab-content').css('display', 'none'); }, delay);\n});\n<\/script>\t\t\t\t<\/div>\n\t\t\t\t<\/div>\n\t\t\t\t<div class=\"elementor-element elementor-element-6ef69bc elementor-widget__width-auto elementor-widget elementor-widget-button\" data-id=\"6ef69bc\" data-element_type=\"widget\" data-widget_type=\"button.default\">\n\t\t\t\t<div class=\"elementor-widget-container\">\n\t\t\t\t\t\t\t\t\t<div class=\"elementor-button-wrapper\">\n\t\t\t\t\t<a class=\"elementor-button elementor-button-link elementor-size-sm\" href=\"https:\/\/kasbahkissane.com\/2023\/09\/13\/pourquoi-une-cagnotte-solidaire\/\">\n\t\t\t\t\t\t<span class=\"elementor-button-content-wrapper\">\n\t\t\t\t\t\t\t\t\t<span class=\"elementor-button-text\">See more<\/span>\n\t\t\t\t\t<\/span>\n\t\t\t\t\t<\/a>\n\t\t\t\t<\/div>\n\t\t\t\t\t\t\t\t<\/div>\n\t\t\t\t<\/div>\n\t\t\t\t<div class=\"elementor-element elementor-element-a038fcf elementor-widget__width-auto elementor-widget elementor-widget-button\" data-id=\"a038fcf\" data-element_type=\"widget\" data-widget_type=\"button.default\">\n\t\t\t\t<div class=\"elementor-widget-container\">\n\t\t\t\t\t\t\t\t\t<div class=\"elementor-button-wrapper\">\n\t\t\t\t\t<a class=\"elementor-button elementor-button-link elementor-size-sm\" href=\"https:\/\/potsolidaire.ch\/product\/ensemble-participons-a-la-reconstruction-des-maisons-en-terre-des-habitants-dagdz-victimes-du-seisme\/\" target=\"_blank\" rel=\"nofollow\">\n\t\t\t\t\t\t<span class=\"elementor-button-content-wrapper\">\n\t\t\t\t\t\t\t\t\t<span class=\"elementor-button-text\">Donate<\/span>\n\t\t\t\t\t<\/span>\n\t\t\t\t\t<\/a>\n\t\t\t\t<\/div>\n\t\t\t\t\t\t\t\t<\/div>\n\t\t\t\t<\/div>\n\t\t\t\t\t<\/div>\n\t\t<\/div>\n\t\t\t\t<div class=\"elementor-column elementor-col-33 elementor-inner-column elementor-element elementor-element-f34984c\" data-id=\"f34984c\" data-element_type=\"column\">\n\t\t\t<div class=\"elementor-widget-wrap elementor-element-populated\">\n\t\t\t\t\t\t<div class=\"elementor-element elementor-element-a6b12f3 elementor-widget elementor-widget-image\" data-id=\"a6b12f3\" data-element_type=\"widget\" data-widget_type=\"image.default\">\n\t\t\t\t<div class=\"elementor-widget-container\">\n\t\t\t\t\t\t\t\t\t\t\t\t\t\t\t<img decoding=\"async\" width=\"799\" height=\"799\" src=\"https:\/\/kasbahkissane.com\/wp-content\/uploads\/2023\/09\/FB_IMG_1694360979643.jpg\" class=\"attachment-large size-large wp-image-23227\" alt=\"\" srcset=\"https:\/\/kasbahkissane.com\/wp-content\/uploads\/2023\/09\/FB_IMG_1694360979643.jpg 799w, https:\/\/kasbahkissane.com\/wp-content\/uploads\/2023\/09\/FB_IMG_1694360979643-300x300.jpg 300w, https:\/\/kasbahkissane.com\/wp-content\/uploads\/2023\/09\/FB_IMG_1694360979643-100x100.jpg 100w, https:\/\/kasbahkissane.com\/wp-content\/uploads\/2023\/09\/FB_IMG_1694360979643-600x600.jpg 600w, https:\/\/kasbahkissane.com\/wp-content\/uploads\/2023\/09\/FB_IMG_1694360979643-150x150.jpg 150w, https:\/\/kasbahkissane.com\/wp-content\/uploads\/2023\/09\/FB_IMG_1694360979643-768x768.jpg 768w\" sizes=\"(max-width: 799px) 100vw, 799px\" \/>\t\t\t\t\t\t\t\t\t\t\t\t\t\t\t<\/div>\n\t\t\t\t<\/div>\n\t\t\t\t\t<\/div>\n\t\t<\/div>\n\t\t\t\t\t<\/div>\n\t\t<\/section>\n\t\t\t\t\t<\/div>\n\t\t<\/div>\n\t\t\t\t\t<\/div>\n\t\t<\/section>\n\t\t\t\t<section class=\"elementor-section elementor-top-section elementor-element elementor-element-8bd158e elementor-hidden-desktop elementor-hidden-laptop elementor-hidden-tablet elementor-hidden-mobile elementor-section-boxed elementor-section-height-default elementor-section-height-default\" data-id=\"8bd158e\" data-element_type=\"section\">\n\t\t\t\t\t\t<div class=\"elementor-container elementor-column-gap-default\">\n\t\t\t\t\t<div class=\"elementor-column elementor-col-100 elementor-top-column elementor-element elementor-element-246e4fc\" data-id=\"246e4fc\" data-element_type=\"column\">\n\t\t\t<div class=\"elementor-widget-wrap elementor-element-populated\">\n\t\t\t\t\t\t<section class=\"elementor-section elementor-inner-section elementor-element elementor-element-ec88174 elementor-section-boxed elementor-section-height-default elementor-section-height-default\" data-id=\"ec88174\" data-element_type=\"section\">\n\t\t\t\t\t\t<div class=\"elementor-container elementor-column-gap-default\">\n\t\t\t\t\t<div class=\"elementor-column elementor-col-33 elementor-inner-column elementor-element elementor-element-f0002a6\" data-id=\"f0002a6\" data-element_type=\"column\">\n\t\t\t<div class=\"elementor-widget-wrap elementor-element-populated\">\n\t\t\t\t\t\t<div class=\"elementor-element elementor-element-6146671 elementor-widget elementor-widget-image\" data-id=\"6146671\" data-element_type=\"widget\" data-widget_type=\"image.default\">\n\t\t\t\t<div class=\"elementor-widget-container\">\n\t\t\t\t\t\t\t\t\t\t\t\t\t\t\t<img loading=\"lazy\" decoding=\"async\" width=\"768\" height=\"768\" src=\"https:\/\/kasbahkissane.com\/wp-content\/uploads\/2022\/08\/IMG-20220715-WA0103cropped-768x768.jpg\" class=\"attachment-medium_large size-medium_large wp-image-13792\" alt=\"\" srcset=\"https:\/\/kasbahkissane.com\/wp-content\/uploads\/2022\/08\/IMG-20220715-WA0103cropped-768x768.jpg 768w, https:\/\/kasbahkissane.com\/wp-content\/uploads\/2022\/08\/IMG-20220715-WA0103cropped-300x300.jpg 300w, https:\/\/kasbahkissane.com\/wp-content\/uploads\/2022\/08\/IMG-20220715-WA0103cropped-100x100.jpg 100w, https:\/\/kasbahkissane.com\/wp-content\/uploads\/2022\/08\/IMG-20220715-WA0103cropped-600x600.jpg 600w, https:\/\/kasbahkissane.com\/wp-content\/uploads\/2022\/08\/IMG-20220715-WA0103cropped-1024x1024.jpg 1024w, https:\/\/kasbahkissane.com\/wp-content\/uploads\/2022\/08\/IMG-20220715-WA0103cropped-150x150.jpg 150w, https:\/\/kasbahkissane.com\/wp-content\/uploads\/2022\/08\/IMG-20220715-WA0103cropped.jpg 1536w\" sizes=\"(max-width: 768px) 100vw, 768px\" \/>\t\t\t\t\t\t\t\t\t\t\t\t\t\t\t<\/div>\n\t\t\t\t<\/div>\n\t\t\t\t\t<\/div>\n\t\t<\/div>\n\t\t\t\t<div class=\"elementor-column elementor-col-33 elementor-inner-column elementor-element elementor-element-7d31599\" data-id=\"7d31599\" data-element_type=\"column\">\n\t\t\t<div class=\"elementor-widget-wrap elementor-element-populated\">\n\t\t\t\t\t\t<div class=\"elementor-element elementor-element-a2cba7d elementor-widget elementor-widget-heading\" data-id=\"a2cba7d\" data-element_type=\"widget\" data-widget_type=\"heading.default\">\n\t\t\t\t<div class=\"elementor-widget-container\">\n\t\t\t\t\t<h2 class=\"elementor-heading-title elementor-size-default\">Yoga and meditation at the Kasbah in October 2022<\/h2>\t\t\t\t<\/div>\n\t\t\t\t<\/div>\n\t\t\t\t<div class=\"elementor-element elementor-element-628442b elementor-widget elementor-widget-text-editor\" data-id=\"628442b\" data-element_type=\"widget\" data-widget_type=\"text-editor.default\">\n\t\t\t\t<div class=\"elementor-widget-container\">\n\t\t\t\t\t\t\t\t\t<p>The Kasbah is proud of welcoming <strong>S\u00e9bastien <\/strong>for the second time. Together with <strong>D\u00e9bora<\/strong>, they crafted a retreat that suits <strong>insiders as well as beginners<\/strong>. This year&#8217;s program is a week full of emotions and discoveries <strong>centered around your well-being<\/strong>. It includes: yoga, acrobatic yoga, hikes, relaxing and therapeutic massages and meditation. &nbsp;\n<\/p>\t\t\t\t\t\t\t\t<\/div>\n\t\t\t\t<\/div>\n\t\t\t\t<div class=\"elementor-element elementor-element-9a7ff92 elementor-widget elementor-widget-html\" data-id=\"9a7ff92\" data-element_type=\"widget\" data-widget_type=\"html.default\">\n\t\t\t\t<div class=\"elementor-widget-container\">\n\t\t\t\t\t<script>jQuery(document).ready(function($) {\nvar delay = 100; setTimeout(function() {\n$('.elementor-tab-title').removeClass('elementor-active');\n $('.elementor-tab-content').css('display', 'none'); }, delay);\n});\n<\/script>\t\t\t\t<\/div>\n\t\t\t\t<\/div>\n\t\t\t\t<div class=\"elementor-element elementor-element-3217f79 elementor-widget elementor-widget-accordion\" data-id=\"3217f79\" data-element_type=\"widget\" data-widget_type=\"accordion.default\">\n\t\t\t\t<div class=\"elementor-widget-container\">\n\t\t\t\t\t\t\t<div class=\"elementor-accordion\">\n\t\t\t\t\t\t\t<div class=\"elementor-accordion-item\">\n\t\t\t\t\t<div id=\"elementor-tab-title-5251\" class=\"elementor-tab-title\" data-tab=\"1\" role=\"button\" aria-controls=\"elementor-tab-content-5251\" aria-expanded=\"false\">\n\t\t\t\t\t\t\t\t\t\t\t\t<a class=\"elementor-accordion-title\" tabindex=\"0\">See more<\/a>\n\t\t\t\t\t<\/div>\n\t\t\t\t\t<div id=\"elementor-tab-content-5251\" class=\"elementor-tab-content elementor-clearfix\" data-tab=\"1\" role=\"region\" aria-labelledby=\"elementor-tab-title-5251\"><p>S\u00e9bastien aime initier, donc n\u2019h\u00e9sitez pas si vous \u00eates d\u00e9butant(e) ou si vous avez envie de d\u00e9couvrir. Et si vous \u00eates d\u00e9j\u00e0 pratiquant(e) aguerri(e) vous serez id\u00e9alement accompagn\u00e9(e) pour progresser.<\/p>\n<p>Le lieu, le rythme de la semaine, <strong>2 personnes d\u00e9di\u00e9es rien qu\u2019\u00e0 vous<\/strong>, le climat doux d\u2019octobre, le d\u00e9paysement, le contexte est id\u00e9al pour vous prendre soin de vous et <strong>vous ressourcer avant l\u2019hiver<\/strong>.<\/p>\n<p><strong>Votre bien-\u00eatre sera la cl\u00e9 de ce s\u00e9jour<\/strong>, et nous nous serons l\u00e0, avec l\u2019\u00e9quipe d\u00e9vou\u00e9e de la Kasbah, pour que vous soyez en parfaite harmonie durant tout votre s\u00e9jour.<\/p>\n<p>Les menus seront pr\u00e9par\u00e9s en concertation avec S\u00e9bastien, en fonction des horaires des activit\u00e9s et du rythme. <strong>La cuisine \u00e9tant partie int\u00e9grante de votre bien-\u00eatre, elle est soign\u00e9e et saine<\/strong>. Toutes les possibilit\u00e9s s\u2019offrent, cuisine v\u00e9g\u00e9tarienne, sans gluten, sans lactose, etc.<\/p>\n<p>Nos chambres tr\u00e8s confortables seront id\u00e9ales pour un profond repos apr\u00e8s vos pratiques sportives et m\u00e9ditatives. Les salons et les terrasses de la Kasbah offrent aussi de beaux espaces \u00e0 partager.<\/p>\n<p>Nous vous emm\u00e8nerons \u00e9galement \u00e0 la montagne, <strong>dans notre oasis familiale<\/strong>, pour go\u00fbter \u00e0 la vie simple et saine, marcher, courir, pratiquer avec S\u00e9bastien, aider aux cultures et \u00e0 l\u2019irrigation. <strong>Les repas sont exclusivement pr\u00e9par\u00e9s avec les l\u00e9gumes et les herbes fra\u00eeches de l\u2019oasis<\/strong>. Le pain frais, cuit dans un four traditionnel, est pr\u00e9par\u00e9 avec notre farine, puisque nous produisons du bl\u00e9 tendre et du bl\u00e9 noir.<\/p>\n<p><strong>Vous dormirez \u00ab&nbsp;\u00e0 la berb\u00e8re&nbsp;\u00bb<\/strong> dans notre grand salon aux murs de pierre et de pis\u00e9, avec ses tapis color\u00e9s tiss\u00e9s par les femmes de notre famille. <strong>Un moment hors du temps moderne<\/strong>, pendant lequel vous verrez passer les troupeaux des nomades et <strong>votre rythme s\u2019adaptera au lever et au coucher du soleil <\/strong>puisque ce lieu n\u2019a pas l\u2019\u00e9lectricit\u00e9\u2026<\/p>\n<p><strong>Bienvenue chez nous&nbsp;!<\/strong><\/p>\n<p><strong>Pour poser vos questions directement \u00e0 S\u00e9bastien<\/strong> au sujet du programme, \u00e9crivez \u00e0 <a href=\"mailto:info@stateam.ch\">info@stateam.ch<\/a><\/p>\n<p><strong>Pour en savoir plus et vous inscrire,<\/strong> cliquez ici <a href=\"https:\/\/www.stateam.ch\/events\/le-maroc\/\" target=\"_blank\">www.stateam.ch\/events\/le-maroc\/<\/a><\/p>\n<p><strong>Pour nous poser des questions sur l\u2019h\u00e9bergement et les repas<\/strong> \u00e9crivez-nous \u00e0 V\u00e9ronique <a href=\"mailto:info@kasbahkissane.com\">info@kasbahkissane.com<\/a><\/p>\n<\/div>\n\t\t\t\t<\/div>\n\t\t\t\t\t\t\t\t<\/div>\n\t\t\t\t\t\t<\/div>\n\t\t\t\t<\/div>\n\t\t\t\t\t<\/div>\n\t\t<\/div>\n\t\t\t\t<div class=\"elementor-column elementor-col-33 elementor-inner-column elementor-element elementor-element-25f0569\" data-id=\"25f0569\" data-element_type=\"column\">\n\t\t\t<div class=\"elementor-widget-wrap elementor-element-populated\">\n\t\t\t\t\t\t<div class=\"elementor-element elementor-element-67e50d8 elementor-widget elementor-widget-image\" data-id=\"67e50d8\" data-element_type=\"widget\" data-widget_type=\"image.default\">\n\t\t\t\t<div class=\"elementor-widget-container\">\n\t\t\t\t\t\t\t\t\t\t\t\t\t\t\t<img loading=\"lazy\" decoding=\"async\" width=\"691\" height=\"691\" src=\"https:\/\/kasbahkissane.com\/wp-content\/uploads\/2022\/08\/IMG-20220715-WA0147_cropped.jpg\" class=\"attachment-large size-large wp-image-13791\" alt=\"\" srcset=\"https:\/\/kasbahkissane.com\/wp-content\/uploads\/2022\/08\/IMG-20220715-WA0147_cropped.jpg 691w, https:\/\/kasbahkissane.com\/wp-content\/uploads\/2022\/08\/IMG-20220715-WA0147_cropped-300x300.jpg 300w, https:\/\/kasbahkissane.com\/wp-content\/uploads\/2022\/08\/IMG-20220715-WA0147_cropped-100x100.jpg 100w, https:\/\/kasbahkissane.com\/wp-content\/uploads\/2022\/08\/IMG-20220715-WA0147_cropped-600x600.jpg 600w, https:\/\/kasbahkissane.com\/wp-content\/uploads\/2022\/08\/IMG-20220715-WA0147_cropped-150x150.jpg 150w\" sizes=\"(max-width: 691px) 100vw, 691px\" \/>\t\t\t\t\t\t\t\t\t\t\t\t\t\t\t<\/div>\n\t\t\t\t<\/div>\n\t\t\t\t\t<\/div>\n\t\t<\/div>\n\t\t\t\t\t<\/div>\n\t\t<\/section>\n\t\t\t\t\t<\/div>\n\t\t<\/div>\n\t\t\t\t\t<\/div>\n\t\t<\/section>\n\t\t\t\t<section class=\"elementor-section elementor-top-section elementor-element elementor-element-0753102 elementor-section-boxed elementor-section-height-default elementor-section-height-default\" data-id=\"0753102\" data-element_type=\"section\" data-settings=\"{&quot;background_background&quot;:&quot;classic&quot;}\">\n\t\t\t\t\t\t<div class=\"elementor-container elementor-column-gap-default\">\n\t\t\t\t\t<div class=\"elementor-column elementor-col-100 elementor-top-column elementor-element elementor-element-3c72a7f\" data-id=\"3c72a7f\" data-element_type=\"column\">\n\t\t\t<div class=\"elementor-widget-wrap elementor-element-populated\">\n\t\t\t\t\t\t<div class=\"elementor-element elementor-element-c1d7cac elementor-widget elementor-widget-text-editor\" data-id=\"c1d7cac\" data-element_type=\"widget\" data-widget_type=\"text-editor.default\">\n\t\t\t\t<div class=\"elementor-widget-container\">\n\t\t\t\t\t\t\t\t\t<p>You can subscribe to our newsletter (in French) bellow, so that your mailbox can taste like mint tea&#8230; <\/p>\n<p>Follow us on social networks by clicking bellow<\/p>\n\t\t\t\t\t\t\t\t<\/div>\n\t\t\t\t<\/div>\n\t\t\t\t<div class=\"elementor-element elementor-element-fc055dd elementor-view-default elementor-invisible elementor-widget elementor-widget-icon\" data-id=\"fc055dd\" data-element_type=\"widget\" data-settings=\"{&quot;_animation&quot;:&quot;swing&quot;}\" data-widget_type=\"icon.default\">\n\t\t\t\t<div class=\"elementor-widget-container\">\n\t\t\t\t\t\t\t<div class=\"elementor-icon-wrapper\">\n\t\t\t<div class=\"elementor-icon\">\n\t\t\t<i aria-hidden=\"true\" class=\"fas fa-long-arrow-alt-down\"><\/i>\t\t\t<\/div>\n\t\t<\/div>\n\t\t\t\t\t\t<\/div>\n\t\t\t\t<\/div>\n\t\t\t\t\t<\/div>\n\t\t<\/div>\n\t\t\t\t\t<\/div>\n\t\t<\/section>\n\t\t\t\t<\/div>\n\t\t","protected":false},"excerpt":{"rendered":"<p>Latests news The Kasbah is back to being open since last year. What a joy for us to feel it buzzing and living with emotion and joy.The Kasbah dozes in the summer while being closed until mid-September.While it just reopened, the current events are sad in our country because of this appalling earthquake&#8230; How does [&hellip;]<\/p>\n","protected":false},"author":1,"featured_media":0,"parent":0,"menu_order":64,"comment_status":"closed","ping_status":"closed","template":"","meta":{"footnotes":""},"class_list":["post-23501","page","type-page","status-publish","hentry"],"_links":{"self":[{"href":"https:\/\/kasbahkissane.com\/en\/wp-json\/wp\/v2\/pages\/23501","targetHints":{"allow":["GET"]}}],"collection":[{"href":"https:\/\/kasbahkissane.com\/en\/wp-json\/wp\/v2\/pages"}],"about":[{"href":"https:\/\/kasbahkissane.com\/en\/wp-json\/wp\/v2\/types\/page"}],"author":[{"embeddable":true,"href":"https:\/\/kasbahkissane.com\/en\/wp-json\/wp\/v2\/users\/1"}],"replies":[{"embeddable":true,"href":"https:\/\/kasbahkissane.com\/en\/wp-json\/wp\/v2\/comments?post=23501"}],"version-history":[{"count":1,"href":"https:\/\/kasbahkissane.com\/en\/wp-json\/wp\/v2\/pages\/23501\/revisions"}],"predecessor-version":[{"id":23502,"href":"https:\/\/kasbahkissane.com\/en\/wp-json\/wp\/v2\/pages\/23501\/revisions\/23502"}],"wp:attachment":[{"href":"https:\/\/kasbahkissane.com\/en\/wp-json\/wp\/v2\/media?parent=23501"}],"curies":[{"name":"wp","href":"https:\/\/api.w.org\/{rel}","templated":true}]}}